{"id":334,"date":"2022-04-19T08:22:00","date_gmt":"2022-04-19T08:22:00","guid":{"rendered":"https:\/\/leissling.winterbergpromotion.de\/?page_id=334"},"modified":"2022-04-25T10:10:43","modified_gmt":"2022-04-25T10:10:43","slug":"kirche","status":"publish","type":"page","link":"https:\/\/leissling.winterbergpromotion.de\/index.php\/kirche\/","title":{"rendered":"Kirche"},"content":{"rendered":"<section class=\"ffb-id-5p3aammt fg-section fg-text-dark\"><div class=\"fg-container container fg-container-large fg-container-lvl--1 \"><div class=\"fg-row row    \" ><div class=\"ffb-id-5p3aammu fg-col col-xs-12 col-md-12 fg-text-dark\"><div class=\"ffb-id-5p3abbic ffg-empty-space fg-text-dark\"><\/div><section class=\"ffb-id-5p369cob section-heading fg-text-dark\"><div class=\"ff-richtext h2 fg-text-dark ffb-h2-1\"><\/p>\n<p style=\"text-align: center\">Die Kirche in Lei&szlig;ling<\/p>\n<p><\/div><p class=\"fg-text-dark ffb-paragraph-2\">Die Anf\u00e4nge einer Kirche in Lei\u00dfling befinden sich im Dunkeln.<br \/>\nIn Lei\u00dfling soll es eine Wallfahrtskirche (Kapelle) \u201eBeatae Mariae Virginis\u201c gegeben haben.<br \/>\nDahin sollen eine Wallfahrten stattgefunden haben.<br \/>\nSchon lange vor der Reformation stand eine Kirche mitten im Dorf.<br \/>\nDie Kapelle wurde f\u00fcr 100 Gulden verkauft.<br \/>\nAu\u00dfer dieser Wallfahrtskapelle hatte Lei\u00dfling sp\u00e4ter eine Marienkirche, umgeben von einem Gottesacker.<\/p><\/section><div class=\"ffb-id-5p366d2r ff-slider slide carousel-fade fg-text-light\" id=\"5p366d2r\" data-ride=\"carousel\" data-slider=\"{&quot;auto&quot;:false,&quot;hover&quot;:false,&quot;loop&quot;:false,&quot;speed&quot;:&quot;5000&quot;}\"><div class=\"carousel-inner\" role=\"listbox\"><div class=\"item  fg-text-light ffb-one-slide-1\"><img decoding=\"async\"  srcset=\"https:\/\/leissling.winterbergpromotion.de\/wp-content\/uploads\/2022\/04\/Leissling-29.09.10-30o.jpg 1000w, \/?ff_http_action_trigger=1&ff_http_action_name=ff_http_request_resize_and_serve_image&ff_http_action_params%5Bimage%5D=216092168166222086105086154180214227237103199163140097160203157185186175157169174086162140175223149215145153167204165173185220227157169190163152158151151163172207117202222236168157196184143090210170159163211152162144097114146165172137154164100142099178153175186182160164181143088085122153096158093101101146104107185157222153167113097140177155159232157129130154161174096090190169156146197174085110162096081151164175210149180161221233149175 320w, \/?ff_http_action_trigger=1&ff_http_action_name=ff_http_request_resize_and_serve_image&ff_http_action_params%5Bimage%5D=216092168166222086105086154180214227237103199163140097160203157185186175157169174086162140175223149215145153167204165173185220227157169190163152158151151163172207117202222236168157196184143090210170159163211152162144097114146165172137154164100142099178153175186182160164181143088085122153096158093101101146104107185157222153167113097140177155159232157129130158165182096090190169156146197174085110162096081151164175210149180161221233149175 768w, \/?ff_http_action_trigger=1&ff_http_action_name=ff_http_request_resize_and_serve_image&ff_http_action_params%5Bimage%5D=216092168166222086105086154180214227237103199163140097160203157185186175157169174086162140175223149215145153167204165173185220227157169190163152158151151163172207117202222236168157196184143090210170159163211152162144097114146165172137154164100142099178153175186182160164181143088085122153096158093101101146104107185157222153167113097140177155159232157129130160168176096090190169156146197174085110162096081151164175210149180161221233149175 992w\"  sizes=\"(max-width: 1000px) 100vw, 1000px\"  class=\"fg-image  img-responsive\"  src=\"https:\/\/leissling.winterbergpromotion.de\/wp-content\/uploads\/2022\/04\/Leissling-29.09.10-30o.jpg\"  alt=\"Lei\u00dfling-29.09.10-30o\"  title=\"\"   =\"\" ><\/div><div class=\"item  fg-text-light ffb-one-slide-2\"><img decoding=\"async\"  srcset=\"https:\/\/leissling.winterbergpromotion.de\/wp-content\/uploads\/2022\/04\/Friedhof-01.10.10-4.jpg 1000w, \/?ff_http_action_trigger=1&ff_http_action_name=ff_http_request_resize_and_serve_image&ff_http_action_params%5Bimage%5D=216092168166222086105086154180214227237103199163140097160203157185186175157169174086162140175223149215145153167204165173185220227157169190163152158151151163172207117202222236168157196184143090210170159163211152162144097114146165172137154164100142099172166175172167156170173085091084111156096147096100098153099165186214150085098198158206174154093174104145120147145230153161189172167077151106095086213166158164084122214229239146232 320w, \/?ff_http_action_trigger=1&ff_http_action_name=ff_http_request_resize_and_serve_image&ff_http_action_params%5Bimage%5D=216092168166222086105086154180214227237103199163140097160203157185186175157169174086162140175223149215145153167204165173185220227157169190163152158151151163172207117202222236168157196184143090210170159163211152162144097114146165172137154164100142099172166175172167156170173085091084111156096147096100098153099165186214150085098198158206174154093174108149128147145230153161189172167077151106095086213166158164084122214229239146232 768w, \/?ff_http_action_trigger=1&ff_http_action_name=ff_http_request_resize_and_serve_image&ff_http_action_params%5Bimage%5D=216092168166222086105086154180214227237103199163140097160203157185186175157169174086162140175223149215145153167204165173185220227157169190163152158151151163172207117202222236168157196184143090210170159163211152162144097114146165172137154164100142099172166175172167156170173085091084111156096147096100098153099165186214150085098198158206174154093174110152122147145230153161189172167077151106095086213166158164084122214229239146232 992w\"  sizes=\"(max-width: 1000px) 100vw, 1000px\"  class=\"fg-image  img-responsive full-width\"  src=\"https:\/\/leissling.winterbergpromotion.de\/wp-content\/uploads\/2022\/04\/Friedhof-01.10.10-4.jpg\"  alt=\"Friedhof-01.10.10-4\"  title=\"\"   =\"\" ><\/div><div class=\"item  fg-text-light ffb-one-slide-3\"><img decoding=\"async\"  srcset=\"https:\/\/leissling.winterbergpromotion.de\/wp-content\/uploads\/2022\/04\/kirche.jpg 1000w, \/?ff_http_action_trigger=1&ff_http_action_name=ff_http_request_resize_and_serve_image&ff_http_action_params%5Bimage%5D=216092168166222086105086154180214227237103199163140097160203157185186175157169174086162140175223149215145153167204165173185220227157169190163152158151151163172207117202222236168157196184143090210170159163211152162144097114146165172137154164100142099209157184170171153105177152146069109141167206147168157135111110124159160075168180158209162166093174101139106202225237164090144184165160194183 320w, \/?ff_http_action_trigger=1&ff_http_action_name=ff_http_request_resize_and_serve_image&ff_http_action_params%5Bimage%5D=216092168166222086105086154180214227237103199163140097160203157185186175157169174086162140175223149215145153167204165173185220227157169190163152158151151163172207117202222236168157196184143090210170159163211152162144097114146165172137154164100142099209157184170171153105177152146069109141167206147168157135111114128167160075168180158209162166093174101139106202225237164090144184165160194183 768w, \/?ff_http_action_trigger=1&ff_http_action_name=ff_http_request_resize_and_serve_image&ff_http_action_params%5Bimage%5D=216092168166222086105086154180214227237103199163140097160203157185186175157169174086162140175223149215145153167204165173185220227157169190163152158151151163172207117202222236168157196184143090210170159163211152162144097114146165172137154164100142099209157184170171153105177152146069109141167206147168157135111116131161160075168180158209162166093174101139106202225237164090144184165160194183 992w\"  sizes=\"(max-width: 1000px) 100vw, 1000px\"  class=\"fg-image  img-responsive\"  src=\"https:\/\/leissling.winterbergpromotion.de\/wp-content\/uploads\/2022\/04\/kirche.jpg\"  alt=\"kirche\"  title=\"\"   =\"\" ><\/div><div class=\"item  fg-text-light ffb-one-slide-4\"><img decoding=\"async\"  srcset=\"https:\/\/leissling.winterbergpromotion.de\/wp-content\/uploads\/2022\/04\/20120417-Kirche-21.jpg 1000w, \/?ff_http_action_trigger=1&ff_http_action_name=ff_http_request_resize_and_serve_image&ff_http_action_params%5Bimage%5D=216092168166222086105086154180214227237103199163140097160203157185186175157169174086162140175223149215145153167204165173185220227157169190163152158151151163172207117202222236168157196184143090210170159163211152162144097114146165172137154164100142099152100119121115104108126085118140179206152202092102102147159171177145160075183184153222162084117167103143116137215227157159190184085101141102085151228163159086108180212232223170 320w, \/?ff_http_action_trigger=1&ff_http_action_name=ff_http_request_resize_and_serve_image&ff_http_action_params%5Bimage%5D=216092168166222086105086154180214227237103199163140097160203157185186175157169174086162140175223149215145153167204165173185220227157169190163152158151151163172207117202222236168157196184143090210170159163211152162144097114146165172137154164100142099152100119121115104108126085118140179206152202092102102147159171177145160075183184153222162084117171107151116137215227157159190184085101141102085151228163159086108180212232223170 768w, \/?ff_http_action_trigger=1&ff_http_action_name=ff_http_request_resize_and_serve_image&ff_http_action_params%5Bimage%5D=216092168166222086105086154180214227237103199163140097160203157185186175157169174086162140175223149215145153167204165173185220227157169190163152158151151163172207117202222236168157196184143090210170159163211152162144097114146165172137154164100142099152100119121115104108126085118140179206152202092102102147159171177145160075183184153222162084117173110145116137215227157159190184085101141102085151228163159086108180212232223170 992w\"  sizes=\"(max-width: 1000px) 100vw, 1000px\"  class=\"fg-image  img-responsive\"  src=\"https:\/\/leissling.winterbergpromotion.de\/wp-content\/uploads\/2022\/04\/20120417-Kirche-21.jpg\"  alt=\"20120417-Kirche-21\"  title=\"\"   =\"\" ><\/div><\/div><a class=\"left carousel-control theme-carousel-control-v1 radius-3\" href=\"#5p366d2r\" role=\"button\" data-slide=\"prev\"><span class=\"carousel-control-arrows-v1 radius-3 ff-font-awesome4 icon-angle-left\" aria-hidden=\"true\"><\/span><\/a><a class=\"right carousel-control theme-carousel-control-v1 radius-3\" href=\"#5p366d2r\" role=\"button\" data-slide=\"next\"><span class=\"carousel-control-arrows-v1 radius-3 ff-font-awesome4 icon-angle-right\" aria-hidden=\"true\"><\/span><\/a><\/div><div class=\"ffb-id-5p36lkmm ffg-empty-space fg-text-dark\"><\/div><div class=\"ffb-id-5p36km68 fg-paragraph ff-richtext text-left    fg-text-dark\"><\/p>\n<p>Sie stand wohl am Saaleufer zwischen dem jetzigen Kreuzweg und der &bdquo;alten Saale&ldquo;. Dieser Landstreifen tr&auml;gt noch in unsern Tagen im Volksmund und in alten Katasterakten den Namen &bdquo;an der Marienkirche&ldquo;.<br \/>Der 30-j&auml;hrige Krieg hat sie teilweise zerst&ouml;rt.Die Renovierung war behelfsm&auml;&szlig;ig. Die Kirche musste wenige Jahre sp&auml;ter (1666) abgetragen werden. Die Gemeinde errichtete ein neues Gotteshaus. Der Krieg hatte aber die Gemeinde so verarmt, dass es ihr nur m&ouml;glich war, den Turm massiv zu bauen. Nur ein kleines Holzkirchlein wurde angef&uuml;gt.<\/p>\n<p>Der Turm ist also der &auml;lteste Teil des heutigen Gotteshauses und weist an einem &ouml;stlich befindlichen gekuppelten Fenster (ohne Zwischens&auml;ule) und an dem westlichen Eingang romanischen Baustil auf.<br \/>Im Jahre 1713 wurde mit dem Bau der neuen massiven Kirche begonnen und 1716 wurde der Bau vollendet.<br \/>Beim Neubau der Kirche und auch sp&auml;ter erwies sich das Wei&szlig;enfelser Herzogshaus besonders mildt&auml;tig. Es schenkte der Kirche z. B.die heiligen Ger&auml;te zur Abendmahlsfeier. Auch die Taufschale ist ein solches Geschenk<br \/>Der Taufstein war bei dem Neubau der Kirche auch schon vorhanden. Er ist vor 1700 entstanden. Wahrscheinlich wurde er angefertigt von dem Wei&szlig;enfelser Bildhauer Griebenstein.<br \/>In den Jahren 1750 &ndash; 1735 wurden die Emporen hinzugef&uuml;gt<br \/>Die Decke des Kirchenschiffes war urspr&uuml;nglich bunt. Sie war mit mehreren Gem&auml;lden aus der biblischen Geschichte verziert.<br \/>Das 2. Geschoss der Emporen auf der Nord- und S&uuml;dseite ist erst 1788 eingebaut.<br \/>Vom Altar f&uuml;hrten urspr&uuml;nglich links und rechts Glast&uuml;ren zur Sakristei. Sie sind durch Vorh&auml;nge in den liturgischen Farben der Altar- und Kanzelbekleidung ersetzt.<br \/>Die Glast&uuml;r, welche das Kirchenschiff vom Turmvorraum trennt, ist zur Vermeidung der Zugluft erst 1896 eingebaut.<br \/>Im Jahre 1867 zeigten sich an den Au&szlig;enw&auml;nden der Kirche Risse. Durch versteckt gehaltene Pfeiler und Anker wurde dieser Schaden behoben.<br \/>Am Totenfest 1921 wurden die beiden Altarfenster zu Ehren der Gefallenen des Weltkrieges 1914\/18 eingeweiht.<br \/>Im Sommer 1932 hat die im Jahre 1715 erbaute Kirche eine v&ouml;llige innere Erneuerung er-fahren.<br \/>Der Corpus des gro&szlig;en Kruzifixes (1,90 m gro&szlig; und aus einem St&uuml;ck gearbeitet, aus dem 14. oder 15. Jahrhundert stammend) wurde wieder eingef&uuml;gt.<br \/>Im Jahre 1721 schenkte die Kirchengemeinde dem Gotteshaus eine Turmuhr.<br \/>Bis zum 3. Adventssonntag des Jahres 1941 hingen auf dem Kirchturm noch alle drei Glocken: die Kleine, die Gro&szlig;e, die Mittlere.<br \/>Der II. Weltkrieges hat den Einsatz zweier Glocken gefordert. Die kleine und die gro&szlig;e Glocke mussten als Altmetallabgabe abgeliefert werden.<br \/>Die kleine Glockesoll aus dem Jahre 1260 stammen.<br \/>Mit der Beendigung des zweiten Weltkrieges wurde eine neue kleine Glocke eine Stahl-glocke angeschafft.<br \/>Auch die gro&szlig;e Glocke musste abgeliefert werden. Diese Glocke ist ihrem Entstehungsalter nach die j&uuml;ngste Glocke, ist aber aus einer zersprungenen Glocke des Jahres 1483 umgegossen worden. Sie kam nach dem II. Weltkrieg wieder zur&uuml;ck. Sie war v&ouml;llig unversehrt und hat irgendwo im Norden Deutschlands auf ihre Einschmelzung warten m&uuml;ssen.<br \/>Die gro&szlig;e Glocke wird mittlere Glocke genannt, weil sie im mittleren Glockenstuhl h&auml;ngt. Sie wurde 1445 gegossen.<br \/>Mitte Dezember 1938 fertiggestellt.<br \/>Eine Orgel war schon im Jahre 1606 im Lei&szlig;linger Gotteshaus. Mit der Zerst&ouml;rung der Kirche w&auml;hrend des 30j&auml;hrigen Krieges wurde auch die Orgel vernichtet. Im Jahre 1674 wurde die kleine provisorische Kirche mit einer neuen Orgel ausgestattet. Diese wurde dann in das neue Gotteshaus, das 1716 fertig war, &uuml;bernommen.<br \/>Der jetzige Orgelprospekt stammt aus der Zeit des Neubaus der Kirche 1715.<br \/>Im Jahr 1763 erfolgte ein neuer Orgelbau. Am 20. Juli 1766 wurde die Orgel abgenommen.<br \/>Das jetzt vorhandene Orgelwerk wurde im Jahre 1858 in den Orgelschrein hineingebaut. Diese Orgel hat der Orgelbauer Winter aus Zeitz gebaut. Die Einweihung dieser Orgel fand 1858 statt.<\/p>\n<p>www.kirche-bei-uns.de<\/p>\n<p><\/div><div class=\"ffb-id-5p36lneg ffg-empty-space fg-text-dark\"><\/div><\/div><\/div><\/div><\/section><style>.ffb-id-5p36lneg{ height: 100px;}.ffb-id-5p36lkmm{ height: 100px;}.ffb-id-5p366d2r .ffb-one-slide-1 img{ margin: auto}.ffb-id-5p366d2r .ffb-one-slide-2 img{ margin: auto}.ffb-id-5p366d2r .ffb-one-slide-3 img{ margin: auto}.ffb-id-5p366d2r .ffb-one-slide-4 img{ margin: auto}.ffb-id-5p3abbic{ height: 100px;}<\/style><script type=\"text\/javascript\"><\/script>\n","protected":false},"excerpt":{"rendered":"","protected":false},"author":4,"featured_media":0,"parent":0,"menu_order":0,"comment_status":"closed","ping_status":"closed","template":"","meta":{"footnotes":""},"class_list":["post-334","page","type-page","status-publish","hentry","post-wrapper"],"_links":{"self":[{"href":"https:\/\/leissling.winterbergpromotion.de\/index.php\/wp-json\/wp\/v2\/pages\/334","targetHints":{"allow":["GET"]}}],"collection":[{"href":"https:\/\/leissling.winterbergpromotion.de\/index.php\/wp-json\/wp\/v2\/pages"}],"about":[{"href":"https:\/\/leissling.winterbergpromotion.de\/index.php\/wp-json\/wp\/v2\/types\/page"}],"author":[{"embeddable":true,"href":"https:\/\/leissling.winterbergpromotion.de\/index.php\/wp-json\/wp\/v2\/users\/4"}],"replies":[{"embeddable":true,"href":"https:\/\/leissling.winterbergpromotion.de\/index.php\/wp-json\/wp\/v2\/comments?post=334"}],"version-history":[{"count":11,"href":"https:\/\/leissling.winterbergpromotion.de\/index.php\/wp-json\/wp\/v2\/pages\/334\/revisions"}],"predecessor-version":[{"id":555,"href":"https:\/\/leissling.winterbergpromotion.de\/index.php\/wp-json\/wp\/v2\/pages\/334\/revisions\/555"}],"wp:attachment":[{"href":"https:\/\/leissling.winterbergpromotion.de\/index.php\/wp-json\/wp\/v2\/media?parent=334"}],"curies":[{"name":"wp","href":"https:\/\/api.w.org\/{rel}","templated":true}]}}